{"id":420,"date":"2011-01-12T17:33:14","date_gmt":"2011-01-12T19:33:14","guid":{"rendered":"https:\/\/www.afimdeproclamar.com\/site\/?page_id=420"},"modified":"2011-01-12T18:32:54","modified_gmt":"2011-01-12T20:32:54","slug":"no-celular","status":"publish","type":"page","link":"https:\/\/www.andandonagraca.org\/site\/?page_id=420","title":{"rendered":"No Celular"},"content":{"rendered":"<p style=\"text-align: justify;\"><a rel=\"attachment wp-att-430\" href=\"https:\/\/www.afimdeproclamar.com\/site\/?attachment_id=430\"><img loading=\"lazy\" decoding=\"async\" class=\"size-full wp-image-430 alignright\"  title=\"\"  src=\"https:\/\/www.afimdeproclamar.com\/site\/wp-content\/uploads\/2011\/01\/iphone.png\"  alt=\"iphone No Celular\"  width=\"314\" height=\"169\" \/><\/a><strong>A Fim de Proclamar\u00a0 no Celular<\/strong><\/p>\n<p style=\"text-align: justify;\">Leia todas as mensagens direto no seu celular, na vers\u00e3o m\u00f3vel do site.<\/p>\n<p style=\"text-align: justify;\">Coloque o site m\u00f3vel do A Fim de Proclamar no menu do seu celular (se este recurso estiver dispon\u00edvel), ou na sua lista de p\u00e1ginas favoritas.<\/p>\n<p style=\"text-align: justify;\"><strong>O acesso ao site movel \u00e9 gratuito?<\/strong><\/p>\n<p style=\"text-align: left;\">Sim, o acesso \u00e9 gratuito. Mas ao digitar o endere\u00e7o www.afimdeproclamar.com no navegador do celular, o usu\u00e1rio passa a acessar um volume de dados (kbites) a ser cobrado pela operadora. A cobran\u00e7a varia de acordo com o plano que voc\u00ea contratou. H\u00e1 planos em que voc\u00ea paga por kbite, outros em que voc\u00ea tem acesso a uma quantidade limitada de dados por uma taxa fixa e outros ainda em que paga uma taxa pr\u00e9-determinada para navegar livremente. Consulte sua operadora para mais informa\u00e7\u00f5es sobre o seu plano de dados.<\/p>\n<p style=\"text-align: justify;\">Caso seu celular tenha Wi-fi poder\u00e1 navegar livremente nas redes dispon\u00edveis<\/p>\n<p style=\"text-align: justify;\"><strong>Por que devo, no celular, optar pela vers\u00e3o m\u00f3vel do site?<\/strong><\/p>\n<p style=\"text-align: justify;\">O site m\u00f3vel foi criado pensando em tornar mais simples a experi\u00eancia de navegar no celular e ajudar o usu\u00e1rio a n\u00e3o gastar muito tempo nem dinheiro com isso. O site m\u00f3vel \u00e9 mais leve do que o site-padr\u00e3o e seu design foi planejado para as telas reduzidas dos celulares.<\/p>\n<p style=\"text-align: justify;\"><strong>Posso acessar o site por qualquer operadora?<\/strong><\/p>\n<p style=\"text-align: justify;\">Sim, o site \u00e9 acess\u00edvel para usu\u00e1rios de qualquer operadora e de qualquer modelo de aparelho que d\u00ea acesso \u00e0 internet. Pode haver restri\u00e7\u00e3o apenas de um pa\u00eds para outro.<\/p>\n<p style=\"text-align: justify;\"><strong>O meu celular tem que ter acesso \u00e0 internet para entrar nesse site?<\/strong><\/p>\n<p style=\"text-align: left;\">Sim. Se ele tiver, em geral, este recurso estar\u00e1 dispon\u00edvel no menu do aparelho, na \u00e1rea de servi\u00e7os WAP. Muitas vezes o acesso \u00e0 internet \u00e9 representado pela imagem de um globo terrestre. A partir da\u00ed, basta acessar o site digitando o endere\u00e7o <strong>https:\/\/www.afimdeproclamar.com<\/strong> no browser (programa de navega\u00e7\u00e3o) do seu celular. A gera\u00e7\u00e3o de celulares 3G tornou isso ainda mais simples, uma vez que aumenta a velocidade de acesso \u00e0 internet.<\/p>\n<p style=\"text-align: justify;\"><strong>O site m\u00f3vel aparece igualzinho em qualquer celular?<\/strong><\/p>\n<p style=\"text-align: justify;\">O conte\u00fado ser\u00e1 sempre o mesmo. Mas as diferen\u00e7as de propor\u00e7\u00e3o das telas, os programas de navega\u00e7\u00e3o e os sitemas operacionais variados podem resultar em apar\u00eancias ligeiramente diferentes entre os sites.<\/p>\n<p style=\"text-align: justify;\"><strong>Eu preciso me cadastrar?<\/strong><\/p>\n<p style=\"text-align: justify;\">N\u00e3o. Todo o conte\u00fado do site est\u00e1 disponivel<\/p>\n<p style=\"text-align: right;\"><strong><a rel=\"attachment wp-att-427\" href=\"https:\/\/www.afimdeproclamar.com\/site\/?attachment_id=427\"><img loading=\"lazy\" decoding=\"async\" class=\"size-medium wp-image-427 alignnone\"  title=\"\"  src=\"https:\/\/www.afimdeproclamar.com\/site\/wp-content\/uploads\/2011\/01\/smartphone-blackberry-8830-232x300.jpg\"  alt=\"smartphone-blackberry-8830-232x300 No Celular\"  width=\"232\" height=\"300\" \/><\/a><\/strong><\/p>\n<p style=\"text-align: justify;\">\n<p style=\"text-align: center;\">\n","protected":false},"excerpt":{"rendered":"<p>A Fim de Proclamar\u00a0 no Celular Leia todas as mensagens direto no seu celular, na vers\u00e3o m\u00f3vel do<\/p>\n","protected":false},"author":1,"featured_media":0,"parent":0,"menu_order":0,"comment_status":"open","ping_status":"open","template":"","meta":{"footnotes":""},"class_list":["post-420","page","type-page","status-publish","hentry"],"yoast_head":"<!-- This site is optimized with the Yoast SEO plugin v27.6 - https:\/\/yoast.com\/product\/yoast-seo-wordpress\/ -->\n<title>No Celular - Pr. Jonas Santana<\/title>\n<meta name=\"robots\" content=\"index, follow, max-snippet:-1, max-image-preview:large, max-video-preview:-1\" \/>\n<link rel=\"canonical\" href=\"https:\/\/www.andandonagraca.org\/site\/?page_id=420\" \/>\n<meta property=\"og:locale\" content=\"pt_BR\" \/>\n<meta property=\"og:type\" content=\"article\" \/>\n<meta property=\"og:title\" content=\"No Celular - Pr. Jonas Santana\" \/>\n<meta property=\"og:description\" content=\"A Fim de Proclamar\u00a0 no Celular Leia todas as mensagens direto no seu celular, na vers\u00e3o m\u00f3vel do\" \/>\n<meta property=\"og:url\" content=\"https:\/\/www.andandonagraca.org\/site\/?page_id=420\" \/>\n<meta property=\"og:site_name\" content=\"Pr. Jonas Santana\" \/>\n<meta property=\"article:publisher\" content=\"https:\/\/www.facebook.com\/andandonagraca\" \/>\n<meta property=\"article:modified_time\" content=\"2011-01-12T20:32:54+00:00\" \/>\n<meta property=\"og:image\" content=\"https:\/\/www.afimdeproclamar.com\/site\/wp-content\/uploads\/2011\/01\/iphone.png\" \/>\n<meta name=\"twitter:card\" content=\"summary_large_image\" \/>\n<meta name=\"twitter:label1\" content=\"Est. tempo de leitura\" \/>\n\t<meta name=\"twitter:data1\" content=\"2 minutos\" \/>\n<script type=\"application\/ld+json\" class=\"yoast-schema-graph\">{\"@context\":\"https:\\\/\\\/schema.org\",\"@graph\":[{\"@type\":\"WebPage\",\"@id\":\"https:\\\/\\\/www.andandonagraca.org\\\/site\\\/?page_id=420\",\"url\":\"https:\\\/\\\/www.andandonagraca.org\\\/site\\\/?page_id=420\",\"name\":\"No Celular - Pr. Jonas Santana\",\"isPartOf\":{\"@id\":\"https:\\\/\\\/www.andandonagraca.org\\\/site\\\/#website\"},\"primaryImageOfPage\":{\"@id\":\"https:\\\/\\\/www.andandonagraca.org\\\/site\\\/?page_id=420#primaryimage\"},\"image\":{\"@id\":\"https:\\\/\\\/www.andandonagraca.org\\\/site\\\/?page_id=420#primaryimage\"},\"thumbnailUrl\":\"https:\\\/\\\/www.afimdeproclamar.com\\\/site\\\/wp-content\\\/uploads\\\/2011\\\/01\\\/iphone.png\",\"datePublished\":\"2011-01-12T19:33:14+00:00\",\"dateModified\":\"2011-01-12T20:32:54+00:00\",\"breadcrumb\":{\"@id\":\"https:\\\/\\\/www.andandonagraca.org\\\/site\\\/?page_id=420#breadcrumb\"},\"inLanguage\":\"pt-BR\",\"potentialAction\":[{\"@type\":\"ReadAction\",\"target\":[\"https:\\\/\\\/www.andandonagraca.org\\\/site\\\/?page_id=420\"]}]},{\"@type\":\"ImageObject\",\"inLanguage\":\"pt-BR\",\"@id\":\"https:\\\/\\\/www.andandonagraca.org\\\/site\\\/?page_id=420#primaryimage\",\"url\":\"https:\\\/\\\/www.afimdeproclamar.com\\\/site\\\/wp-content\\\/uploads\\\/2011\\\/01\\\/iphone.png\",\"contentUrl\":\"https:\\\/\\\/www.afimdeproclamar.com\\\/site\\\/wp-content\\\/uploads\\\/2011\\\/01\\\/iphone.png\"},{\"@type\":\"BreadcrumbList\",\"@id\":\"https:\\\/\\\/www.andandonagraca.org\\\/site\\\/?page_id=420#breadcrumb\",\"itemListElement\":[{\"@type\":\"ListItem\",\"position\":1,\"name\":\"In\u00edcio\",\"item\":\"https:\\\/\\\/www.andandonagraca.org\\\/site\"},{\"@type\":\"ListItem\",\"position\":2,\"name\":\"No Celular\"}]},{\"@type\":\"WebSite\",\"@id\":\"https:\\\/\\\/www.andandonagraca.org\\\/site\\\/#website\",\"url\":\"https:\\\/\\\/www.andandonagraca.org\\\/site\\\/\",\"name\":\"Pr. Jonas Santana\",\"description\":\"ANDANDO NA GRA\u00c7A - AEMSF\",\"potentialAction\":[{\"@type\":\"SearchAction\",\"target\":{\"@type\":\"EntryPoint\",\"urlTemplate\":\"https:\\\/\\\/www.andandonagraca.org\\\/site\\\/?s={search_term_string}\"},\"query-input\":{\"@type\":\"PropertyValueSpecification\",\"valueRequired\":true,\"valueName\":\"search_term_string\"}}],\"inLanguage\":\"pt-BR\"}]}<\/script>\n<!-- \/ Yoast SEO plugin. -->","yoast_head_json":{"title":"No Celular - Pr. Jonas Santana","robots":{"index":"index","follow":"follow","max-snippet":"max-snippet:-1","max-image-preview":"max-image-preview:large","max-video-preview":"max-video-preview:-1"},"canonical":"https:\/\/www.andandonagraca.org\/site\/?page_id=420","og_locale":"pt_BR","og_type":"article","og_title":"No Celular - Pr. Jonas Santana","og_description":"A Fim de Proclamar\u00a0 no Celular Leia todas as mensagens direto no seu celular, na vers\u00e3o m\u00f3vel do","og_url":"https:\/\/www.andandonagraca.org\/site\/?page_id=420","og_site_name":"Pr. Jonas Santana","article_publisher":"https:\/\/www.facebook.com\/andandonagraca","article_modified_time":"2011-01-12T20:32:54+00:00","og_image":[{"url":"https:\/\/www.afimdeproclamar.com\/site\/wp-content\/uploads\/2011\/01\/iphone.png","type":"","width":"","height":""}],"twitter_card":"summary_large_image","twitter_misc":{"Est. tempo de leitura":"2 minutos"},"schema":{"@context":"https:\/\/schema.org","@graph":[{"@type":"WebPage","@id":"https:\/\/www.andandonagraca.org\/site\/?page_id=420","url":"https:\/\/www.andandonagraca.org\/site\/?page_id=420","name":"No Celular - Pr. Jonas Santana","isPartOf":{"@id":"https:\/\/www.andandonagraca.org\/site\/#website"},"primaryImageOfPage":{"@id":"https:\/\/www.andandonagraca.org\/site\/?page_id=420#primaryimage"},"image":{"@id":"https:\/\/www.andandonagraca.org\/site\/?page_id=420#primaryimage"},"thumbnailUrl":"https:\/\/www.afimdeproclamar.com\/site\/wp-content\/uploads\/2011\/01\/iphone.png","datePublished":"2011-01-12T19:33:14+00:00","dateModified":"2011-01-12T20:32:54+00:00","breadcrumb":{"@id":"https:\/\/www.andandonagraca.org\/site\/?page_id=420#breadcrumb"},"inLanguage":"pt-BR","potentialAction":[{"@type":"ReadAction","target":["https:\/\/www.andandonagraca.org\/site\/?page_id=420"]}]},{"@type":"ImageObject","inLanguage":"pt-BR","@id":"https:\/\/www.andandonagraca.org\/site\/?page_id=420#primaryimage","url":"https:\/\/www.afimdeproclamar.com\/site\/wp-content\/uploads\/2011\/01\/iphone.png","contentUrl":"https:\/\/www.afimdeproclamar.com\/site\/wp-content\/uploads\/2011\/01\/iphone.png"},{"@type":"BreadcrumbList","@id":"https:\/\/www.andandonagraca.org\/site\/?page_id=420#breadcrumb","itemListElement":[{"@type":"ListItem","position":1,"name":"In\u00edcio","item":"https:\/\/www.andandonagraca.org\/site"},{"@type":"ListItem","position":2,"name":"No Celular"}]},{"@type":"WebSite","@id":"https:\/\/www.andandonagraca.org\/site\/#website","url":"https:\/\/www.andandonagraca.org\/site\/","name":"Pr. Jonas Santana","description":"ANDANDO NA GRA\u00c7A - AEMSF","potentialAction":[{"@type":"SearchAction","target":{"@type":"EntryPoint","urlTemplate":"https:\/\/www.andandonagraca.org\/site\/?s={search_term_string}"},"query-input":{"@type":"PropertyValueSpecification","valueRequired":true,"valueName":"search_term_string"}}],"inLanguage":"pt-BR"}]}},"_links":{"self":[{"href":"https:\/\/www.andandonagraca.org\/site\/index.php?rest_route=\/wp\/v2\/pages\/420","targetHints":{"allow":["GET"]}}],"collection":[{"href":"https:\/\/www.andandonagraca.org\/site\/index.php?rest_route=\/wp\/v2\/pages"}],"about":[{"href":"https:\/\/www.andandonagraca.org\/site\/index.php?rest_route=\/wp\/v2\/types\/page"}],"author":[{"embeddable":true,"href":"https:\/\/www.andandonagraca.org\/site\/index.php?rest_route=\/wp\/v2\/users\/1"}],"replies":[{"embeddable":true,"href":"https:\/\/www.andandonagraca.org\/site\/index.php?rest_route=%2Fwp%2Fv2%2Fcomments&post=420"}],"version-history":[{"count":0,"href":"https:\/\/www.andandonagraca.org\/site\/index.php?rest_route=\/wp\/v2\/pages\/420\/revisions"}],"wp:attachment":[{"href":"https:\/\/www.andandonagraca.org\/site\/index.php?rest_route=%2Fwp%2Fv2%2Fmedia&parent=420"}],"curies":[{"name":"wp","href":"https:\/\/api.w.org\/{rel}","templated":true}]}}