{"id":439,"date":"2011-01-12T20:38:38","date_gmt":"2011-01-12T22:38:38","guid":{"rendered":"https:\/\/www.afimdeproclamar.com\/site\/?page_id=439"},"modified":"2015-07-02T09:14:22","modified_gmt":"2015-07-02T12:14:22","slug":"livros-cia","status":"publish","type":"page","link":"https:\/\/www.andandonagraca.org\/site\/?page_id=439","title":{"rendered":"Livros &#038; Cia"},"content":{"rendered":"<div>\n<div id=\"camada4\">\n<blockquote>\n<p style=\"text-align: justify;\"><em><strong> \u201cNem todos os livros, nem mesmo os bons livros <\/strong><strong>podem ser considerados uma mensagem do alto.\u201d <\/strong><strong>A.W. Tozer<\/strong><\/em><\/p>\n<\/blockquote>\n<p style=\"text-align: justify;\">A listagem a seguir \u00e9 apenas uma sugest\u00e3o, n\u00e3o estamos efetuando nenhuma venda, se quiser adquirir algum t\u00edtulo apresentado ter\u00e1 de ir a livraria evang\u00e9lica de sua prefer\u00eancia,\u00a0ou clique no link da editora, queremos mais do que tudo, exaltar a Palavra de Deus.<\/p>\n<p style=\"text-align: justify;\">Um pastor ou um irm\u00e3o deve gastar pelo menos 90% do seu tempo com a B\u00edblia, e o restante do tempo lendo bons livros.<\/p>\n<p style=\"text-align: justify;\">Mas em rela\u00e7\u00e3o aos livros a serem lidos, um pastor ou irm\u00e3o precisa ter muito cuidado com o que l\u00ea. A linha que separa o que \u00e9 certo e o que \u00e9 errado \u00e9 muito t\u00eanue.<\/p>\n<p style=\"text-align: justify;\">Fugir do que \u00e9 santo e cair na heresia \u00e9 muito mais comum do que pensamos, por isso ao ler precisamos confrontar sempre com a B\u00edblia, tendo assessoria direta do Esp\u00edrito Santo. \u00c9 preciso ter cuidado com os autores da moda.<\/p>\n<p style=\"text-align: justify;\">Separamos alguns livros que podem ser muito \u00fateis\u00a0 a algu\u00e9m que leva mesmo a s\u00e9rio o seu minist\u00e9rio.<\/p>\n<p style=\"text-align: justify;\">Esta lista n\u00e3o est\u00e1 completa, pois ainda h\u00e1 outros tantos a serem acrescentados.<\/p>\n<p style=\"text-align: justify;\">Aceitamos sugest\u00f5es que depois de analisadas poder\u00e3o ser divulgadas nesta p\u00e1gina, que ter\u00e1 atualiza\u00e7\u00e3o peri\u00f3dica.<\/p>\n<p style=\"text-align: justify;\">Veja que neste site n\u00e3o queremos de forma alguma a exalta\u00e7\u00e3o de homens, e tamb\u00e9m n\u00e3o estamos fazendo propaganda incentivando a vendagem de livros, mas sim o intuito \u00e9 ajudar os leitores a estarem preparados, inclusive aprendendo com homens que tiveram experi\u00eancias \u00edntimas com Deus as quais se traduziram em resultados efetivos em Gl\u00f3ria ao nosso Deus.<\/p>\n<p><strong>TEMA: AVIVAMENTO<\/strong><\/p>\n<p>A Hist\u00f3ria do Avivamento Azusa \u2013 Frank Batleman<\/p>\n<p>A Igreja em Chamas \u2013 Roberto L. Sumner \u2013 Batista Regular &#8211; <a title=\"Ilhas em Chamas\" href=\"https:\/\/www.levandoapalavra.com\/123\/?p=1305\" target=\"_blank\">clique aqui para ler este livro online<\/a><\/p>\n<p>Avivamento \u2013 D. M. LLoyd-Jones \u2013 <a href=\"https:\/\/www.editorapes.com.br\/\"> PES<\/a><\/p>\n<p>Em Chamas para Deus \u2013 Wesley L. Duewel \u2013 Candeia<\/p>\n<p>Ilhas em Chamas \u2013 Ducan Cambel<\/p>\n<p>Labaredas de Fogo \u2013 Rosalee M. Appleby<\/p>\n<p>O poder do Alto \u2013 W. E. Entzminger \u2013 Casa Batista<\/p>\n<p>O prop\u00f3sito do Pentecoste \u2013 T. L. Osborn<\/p>\n<p>O Reavivamento de que Precisamos \u2013 Oswald Smith \u2013 H. &amp; Overholt<\/p>\n<p>Trechos do Di\u00e1rio \u2013 John Wesley &#8211; <a href=\"https:\/\/editora.metodista.br\/\"> Metodista<\/a><\/p>\n<p>Por que Tarda o Pleno Avivamento? \u2013 L. Ravenhill \u2013 <a href=\"https:\/\/editorabetania.com.br\/2007\/web\/\"> Bet\u00e2nia<\/a><\/p>\n<p>Sar\u00e7a Ardente \u2013 Rosalee M. Appleby<\/p>\n<p>Segredo do Poder \u2013 Smith Wigglesworth \u2013 <a href=\"https:\/\/www.danprewan.com.br\/\"> Danprewan<\/a><\/p>\n<p>Reavivamento como Experiment\u00e1-lo \u2013 Charles G. Finney \u2013 <a href=\"https:\/\/www.editoravida.com.br\/loja\/\"> Vida<\/a><\/p>\n<p>Reavivamentos \u2013 sua origem, progresso e realiza\u00e7\u00f5es \u2013 E. Evans \u2013 <a href=\"https:\/\/www.editorapes.com.br\/\"> PES <\/a><\/p>\n<p>\u2014\u2014\u2014\u2014\u2014\u2014\u2014\u2014\u2014\u2014\u2014\u2014\u2014\u2014\u2014\u2014\u2014-<\/p>\n<p><strong>TEMA: BIOGRAFIAS<\/strong><\/p>\n<p>A Autobiografia de George Muller &#8211; Ide<\/p>\n<p>A vida de David Brainerd \u2013 Jonathan Edwards \u2013 <a href=\"https:\/\/www.editorafiel.com.br\/\"> Fiel<\/a><\/p>\n<p>Autobiografia de Madame Guyon \u2013 \u201cseu \u00fanico crime foi amar a Deus\u201d \u2013 <a href=\"https:\/\/www.editoradosclassicos.com\/\"> Cl\u00e1ssicos<\/a><\/p>\n<p>O Homem do C\u00e9u \u2013 Irm\u00e3o Yun com Paul Hattaway &#8211;<a href=\"https:\/\/editorabetania.com.br\/2007\/web\/\"> Bet\u00e2nia <\/a><\/p>\n<p>O ap\u00f3stolo da f\u00e9 \u2013 Smith Wigglesowrth \u2013 Stanley H. Frodsham \u2013 <a href=\"https:\/\/www.danprewan.com.br\/\"> Danprewan<\/a><\/p>\n<p>Ei, Deus! \u2013 Frank Foglio \u2013 <a href=\"https:\/\/www.editoravida.com.br\/loja\/\"> Vida<\/a><\/p>\n<p>\u2014\u2014\u2014\u2014\u2014\u2014\u2014\u2014\u2014\u2014\u2014\u2014\u2014\u2014\u2014\u2014\u2014-<\/p>\n<p><strong>TEMA \u2013 LIDERAN\u00c7A<\/strong><\/p>\n<p>18 chaves para o sucesso do minist\u00e9rio pastoral \u2013 Jo\u00e3o A. S. Filho \u2013 <a href=\"https:\/\/www.josuegoncalves.com.br\/loja61\/produtos_descricao.asp?lang=pt_BR&amp;codigo_produto=520\">Fam\u00edlia e Gra\u00e7a<\/a><\/p>\n<p>A forma\u00e7\u00e3o de um l\u00edder \u2013 A ess\u00eancia de um l\u00edder \u2013 Joyce Meyer\u3000- Sografes<\/p>\n<p>O excelente dom de presidir \u2013 Jos\u00e9 Rodrigues \u2013 MCM<\/p>\n<p>Seja um L\u00edder de Verdade \u2013 John Haggai \u2013 <a href=\"https:\/\/editorabetania.com.br\/2007\/web\/\"> Bet\u00e2nia <\/a><\/p>\n<p>Perfil de Tr\u00eas Reis \u2013 Gene Edwards \u2013 <a href=\"https:\/\/www.editoravida.com.br\/loja\/\"> Vida<\/a><\/p>\n<p>Debaixo das suas Asas \u2013 John Bevere \u2013 <a href=\"https:\/\/dynamus.com.br\/loja\/index.php\"> Dynamus <\/a><\/p>\n<p>\u2014\u2014\u2014\u2014\u2014\u2014\u2014\u2014\u2014\u2014\u2014\u2014\u2014\u2014\u2014\u2014\u2014-<\/p>\n<p><strong>TEMA: REFLEXOS DE UMA M\u00c1 LIDERAN\u00c7A<\/strong><\/p>\n<p>Cartas de um crist\u00e3o arrasado \u2013 Gene Edwards \u2013 <a href=\"https:\/\/www.editoravida.com.br\/loja\/\"> Vida<\/a><\/p>\n<p>Gente cansada de igreja \u2013 Israel Belo de Azevedo \u2013 <a href=\"https:\/\/hagnos.com.br\/index.php\"> Hagnos<\/a><\/p>\n<p>Feridos em nome de Deus \u2013 Mar\u00edlia de Camargo C\u00e9sar \u2013 <a href=\"https:\/\/www.mundocristao.com.br\/produtosdet.asp?cod_produto=10660&amp;cod_categoria=155\"> Mundo Crist\u00e3o<\/a><\/p>\n<p>\u2014\u2014\u2014\u2014\u2014\u2014\u2014\u2014\u2014\u2014\u2014\u2014\u2014\u2014\u2014\u2014\u2014-<\/p>\n<p><strong>TEMA \u2013 HIST\u00d3RIA<\/strong><\/p>\n<p>A B\u00cdblia em ordem cronol\u00f3gica \u2013 <a href=\"https:\/\/www.editoravida.com.br\/loja\/\"> Vida<\/a><\/p>\n<p>A Hist\u00f3ria do Cristianismo \u2013 A. Knight &amp; W. Anglin \u2013 <a href=\"https:\/\/www.cpad.com.br\/\"> CPAD<\/a><\/p>\n<p>Her\u00f3is da F\u00e9 \u2013 Orlando Boyer \u2013 <a href=\"https:\/\/www.cpad.com.br\/\"> CPAD<\/a><\/p>\n<p>Hist\u00f3ria da Igreja Crist\u00e3 \u2013 Jesse Lyman Hurlbut \u2013 <a href=\"https:\/\/www.editoravida.com.br\/loja\/\"> Vida<\/a><\/p>\n<p>Hist\u00f3ria dos Hebreus \u2013 De Abra\u00e3o \u00e0 queda de Jerusal\u00e9m \u2013 Fl\u00e1vio Josefo \u2013 <a href=\"https:\/\/www.cpad.com.br\/\"> CPAD<\/a><\/p>\n<p>Torturado por amor a Cristo \u2013 Richard Wurmbrand \u2013 Voz dos Martires<\/p>\n<p>L\u00e1grimas Negras \u2013 A origem do homem negro e seu sofrimento \u2013 Dzankon Detemeni \u2013 <a href=\"https:\/\/www.ateliedolivro.com.br\/\"> A. do Livro<\/a><\/p>\n<p>Os irm\u00e3os \u2013 como s\u00e3o chamados \u2013 Sua hist\u00f3ria e as verdades que professam \u2013 Andrew Miller \u2013 DLC<\/p>\n<p>\u2014\u2014\u2014\u2014\u2014\u2014\u2014\u2014\u2014\u2014\u2014\u2014\u2014\u2014\u2014\u2014\u2014-<\/p>\n<p><strong>TEMA: IGREJA<\/strong><\/p>\n<p>A Obra de Deus \u2013 Watchman Nee \u2013 <a href=\"https:\/\/www.editoradosclassicos.com\/\"> Cl\u00e1ssicos<\/a><\/p>\n<p>A ortodoxia da Igreja \u2013 Watchman Nee \u2013 <a href=\"https:\/\/www.arvoredavida.org.br\/\"> \u00c1rvore da Vida<\/a><\/p>\n<p>David Wilkerson exorta a Igreja &#8211; Um chamado \u00e0 obedi\u00eancia e \u00e0 humildade \u2013 <a href=\"https:\/\/www.editoravida.com.br\/loja\/\"> Vida<\/a><\/p>\n<p>\u2014\u2014\u2014\u2014\u2014\u2014\u2014\u2014\u2014\u2014\u2014\u2014\u2014\u2014\u2014\u2014\u2014-<\/p>\n<p><strong>TEMA \u2013 ESBO\u00c7OS<\/strong><\/p>\n<p>3 chaves para o livro de Atos \u2013 T. L. Osborn \u2013 <a href=\"https:\/\/www.gracaeditorial.com.br\/\"> Gra\u00e7a<\/a><\/p>\n<p>A Mensagem de Eclesiastes \u2013 Derek Kidner \u2013 BFH<\/p>\n<p>A Mensagem de Rute \u2013 David Atkinson \u2013 ABU<\/p>\n<p>Esbo\u00e7os B\u00edblicos de Salmos \u2013 C. H. Spurgeon \u2013 <a href=\"https:\/\/www.sheddpublicacoes.com.br\/\"> Shedd<\/a><\/p>\n<p>Serm\u00f5es I a 5 \u2013 John Wesley \u2013 <a href=\"https:\/\/editora.metodista.br\/\"> Metodista<\/a><\/p>\n<p>Serm\u00f5es devocionais \u2013 Charles H. Spurgeon<\/p>\n<p>Spurgeon ainda fala \u2013 David O. Fuller<\/p>\n<p>O serm\u00e3o da Montanha \u2013 J. Dwight Pentecost \u2013 <a href=\"https:\/\/editorabetania.com.br\/2007\/web\/\"> Bet\u00e2nia<\/a><\/p>\n<p>O Melhor de A.W. Tozer \u2013 Esta\u00e7\u00e3o do Livro<\/p>\n<p>O Essencial de Smith Wigglesworth \u2013 Wayne E. Warner\u3000 &#8211; <a href=\"https:\/\/www.gracaeditorial.com.br\/\"> Gra\u00e7a<\/a><\/p>\n<p>\u2014\u2014\u2014\u2014\u2014\u2014\u2014\u2014\u2014\u2014\u2014\u2014\u2014\u2014\u2014\u2014\u2014-<\/p>\n<p><strong>TEMA \u2013 F\u00c9<\/strong><\/p>\n<p>F\u00e9 &#8211; o DNA de Deus &#8211; Jo\u00e3o A. S. Filho &#8211; <a href=\"https:\/\/www.pastorjoao.com.br\/\">Faith<\/a><\/p>\n<p>A Quarta Dimens\u00e3o \u2013 David Y. Cho &#8211; <a href=\"https:\/\/www.editoravida.com.br\/loja\/\"> Vida<\/a><\/p>\n<p>Agarre-se ao seu sonho \u2013 Marilyn Hickey \u2013 <a href=\"https:\/\/www.adhonep.org.br\/\"> Adhonep<\/a><\/p>\n<p>Do temor a f\u00e9 \u2013 D. M. Lloyd-Jones \u2013 <a href=\"https:\/\/www.editoravida.com.br\/loja\/\"> Vida<\/a><\/p>\n<p>F\u00e9 Inabal\u00e1vel \u2013 Smith Wigglesworth \u2013 <a href=\"https:\/\/www.danprewan.com.br\/\"> Danprewan<\/a><\/p>\n<p>Ansiedade \u2013 Watchman Nee \u2013 <a href=\"https:\/\/www.arvoredavida.org.br\/\"> \u00c1rvore da Vida<\/a><\/p>\n<p>Preparado para o combate da f\u00e9 \u2013 as armas do minist\u00e9rio -\u3000 C. H. Spurgeon \u2013 <a href=\"https:\/\/www.sheddpublicacoes.com.br\/\"> Shedd<\/a><\/p>\n<p>\u2014\u2014\u2014\u2014\u2014\u2014\u2014\u2014\u2014\u2014\u2014\u2014\u2014\u2014\u2014\u2014\u2014-<\/p>\n<p><strong>TEMA: ESP\u00cdRITO SANTO<br \/>\n<\/strong><\/p>\n<p>A un\u00e7\u00e3o prof\u00e9tica \u2013 John Bevere &#8211; <a href=\"https:\/\/www.editoraatos.com.br\/\"> Atos<\/a><\/p>\n<p>Assim diz o Senhor? \u2013 John Bevere \u2013 <a href=\"https:\/\/www.editoraatos.com.br\/\"> Atos<\/a><\/p>\n<p>Em sociedade com o Esp\u00edrito \u2013 David Y. Cho \u2013 <a href=\"https:\/\/www.editoravida.com.br\/loja\/\"> Vida<\/a><\/p>\n<p>Verdades que Transformam \u2013 Cinco Votos para Obter Poder Espiritual \u2013 A. W. Tozer \u2013 <a href=\"https:\/\/www.editoradosclassicos.com\/\"> Cl\u00e1ssicos<\/a><\/p>\n<p>Um Cora\u00e7\u00e3o Ardente \u2013 John Bevere &#8211; <a href=\"https:\/\/dynamus.com.br\/loja\/index.php\"> Dynamus<\/a><\/p>\n<p>H\u00e1 poder em suas palavras \u2013 Don Gosset \u2013 <a href=\"https:\/\/www.editoravida.com.br\/loja\/\"> Vida<\/a><\/p>\n<p>Vit\u00f3ria no Deserto \u2013 John Bevere &#8211; <a href=\"https:\/\/www.editoraatos.com.br\/\"> Atos<\/a><\/p>\n<p>\u2014\u2014\u2014\u2014\u2014\u2014\u2014\u2014\u2014\u2014\u2014\u2014\u2014\u2014\u2014\u2014\u2014-<\/p>\n<p><strong>TEMA \u2013 BATALHA ESPIRITUAL<\/strong><\/p>\n<p>A Arte da Guerra Espiritual \u3000- Jo\u00e3o A. S. Filho \u2013 <a href=\"https:\/\/www.josuegoncalves.com.br\/loja61\/produtos_descricao.asp?lang=pt_BR&amp;codigo_produto=520\"> Fam\u00edlia e Gra\u00e7a<\/a><\/p>\n<p>\u00c9 tempo de guerra \u2013 Jo\u00e3o A. de Souza Filho \u2013 <a href=\"https:\/\/www.pastorjoao.com.br\/\"> Faith<\/a><\/p>\n<p>Feche a porta na cara do diabo \u2013 John Bevere \u2013 <a href=\"https:\/\/www.editoraatos.com.br\/\"> Atos<\/a><\/p>\n<p>Complexo de Mefibosete \u2013 Daniel Soares \u2013 <a href=\"https:\/\/www.ifceditora.com.br\/default.asp\"> IFC<\/a><\/p>\n<p>O Compl\u00f4 \u2013 Jo\u00e3o A. de Souza Filho \u2013 <a href=\"https:\/\/www.pastorjoao.com.br\/\"> Faith<\/a><\/p>\n<p>\u2014\u2014\u2014\u2014\u2014\u2014\u2014\u2014\u2014\u2014\u2014\u2014\u2014\u2014\u2014\u2014\u2014-<\/p>\n<p><strong>TEMA: FAM\u00cdLIA<br \/>\n<\/strong><\/p>\n<p>Como criar filhos alegres e obedientes \u2013 Jos\u00e9 Rodrigues \u2013 <a href=\"https:\/\/www.mcmpovos.com.br\/loja\/catalogo\/index.aspx\"> MCM <\/a><\/p>\n<p>Div\u00f3rcio n\u00e3o \u00e9 a solu\u00e7\u00e3o \u2013 Marilyn Hickey \u2013 <a href=\"https:\/\/www.adhonep.org.br\/\"> Adhonep<\/a><\/p>\n<p>Namoro e Noivado \u2013 Jos\u00e9 Rodrigues \u2013 <a href=\"https:\/\/www.mcmpovos.com.br\/loja\/catalogo\/index.aspx\"> MCM <\/a><\/p>\n<p>Toda a Fam\u00edlia \u2013 Como preservar a fam\u00edlia em tempo de crise \u2013 Orlando Boyer \u2013 <a href=\"https:\/\/www.cpad.com.br\/\"> CPAD<\/a><\/p>\n<p>\u2014\u2014\u2014\u2014\u2014\u2014\u2014\u2014\u2014\u2014\u2014\u2014\u2014\u2014\u2014\u2014\u2014-<\/p>\n<p><strong>TEMA: EVANGELIZA\u00c7\u00c3O<br \/>\n<\/strong><\/p>\n<p>Paix\u00e3o pelas Almas \u2013 Oswald Smith \u2013 <a href=\"https:\/\/www.editoravida.com.br\/loja\/\"> Vida<\/a><\/p>\n<p>Pecadores nas m\u00e3os de um Deus irado \u2013 Jonathan Edwards \u2013 <a href=\"https:\/\/www.cpad.com.br\/\"> CPAD<\/a> ou <a href=\"https:\/\/www.editorapes.com.br\/\"> PES <\/a><\/p>\n<p>Um recado para Ganhadores de Almas \u2013 Horatius A. Bonar \u2013 <a href=\"https:\/\/www.vidanova.com.br\/\"> Vida Nova<\/a><\/p>\n<p>Poder para Testemunhar \u2013 A. S. Ballenger \u2013 <a href=\"https:\/\/editorabetania.com.br\/2007\/web\/\"> Bet\u00e2nia<\/a><\/p>\n<p>Ganhando Almas \u2013 T. L. Osborn \u2013 <a href=\"https:\/\/www.gracaeditorial.com.br\/\"> Gra\u00e7a<\/a><\/p>\n<p>Curai Enfermos E Expulsai dem\u00f4nios \u2013 T. L. Osborn \u2013 <a href=\"https:\/\/www.gracaeditorial.com.br\/\"> Gra\u00e7a<\/a><\/p>\n<p>A tocha dos Puritanos \u2013 Evangeliza\u00e7\u00e3o B\u00edblica \u2013 <a href=\"https:\/\/www.editorapes.com.br\/\"> PES <\/a><\/p>\n<p>O inferno n\u00e3o \u00e9 Brincadeira \u2013 Roberto L. Sumner \u2013 <a href=\"https:\/\/www.editorabatistaregular.com.br\/\"> Batista Regular<\/a><\/p>\n<p>Regenera\u00e7\u00e3o por decis\u00e3o \u2013 James E. Adams \u2013 <a href=\"https:\/\/www.erdos.com.br\/platagi\/imagem.php?arquivo_imagem=..\/platagi\/.\/outras_imagens\/produtos\/20070515_125851_0-gg.jpg\"> Fiel<\/a><\/p>\n<p>Pescadores de Crian\u00e7as \u2013 Orienta\u00e7\u00e3o pr\u00e1tica para falar de Jesus as crian\u00e7as \u2013 <a href=\"https:\/\/www.sheddpublicacoes.com.br\/\"> Shedd<\/a><\/p>\n<p>\u2014\u2014\u2014\u2014\u2014\u2014\u2014\u2014\u2014\u2014\u2014\u2014\u2014\u2014\u2014\u2014\u2014-<\/p>\n<p><strong>TEMA \u2013 DEVOCIONAL<\/strong><\/p>\n<p>Senhor ensina-nos a contar os nossos dias \u2013 Watchman Nee \u2013 <a href=\"https:\/\/www.arvoredavida.org.br\/\"> \u00c1rvore da Vida<\/a><\/p>\n<p>Pensamentos para horas tranquilas \u2013 D. L. Moody \u2013 <a href=\"https:\/\/www.cpad.com.br\/\"> CPAD<\/a><\/p>\n<p>Mananciais no Deserto 1 e 2 \u2013 Lettie Cowman \u2013 <a href=\"https:\/\/editorabetania.com.br\/2007\/web\/\"> Bet\u00e2nia <\/a><\/p>\n<p>Em seus passos o que faria Jesus &#8211; Charles M. Sheldon \u2013 <a href=\"https:\/\/www.mundocristao.com.br\/\"> Mundo Crist\u00e3o<\/a><\/p>\n<p>Devocional \u2013 Smith Wigglesworth &#8211; <a href=\"https:\/\/www.cpad.com.br\/\"> CPAD<\/a><\/p>\n<p>Cr\u00ea Somente \u2013 Smith Wigglesworth \u2013 <a href=\"https:\/\/www.gracaeditorial.com.br\/\"> Gra\u00e7a<\/a><\/p>\n<p>\u2014\u2014\u2014\u2014\u2014\u2014\u2014\u2014\u2014\u2014\u2014\u2014\u2014\u2014\u2014\u2014\u2014-<\/p>\n<p><strong>TEMA \u2013 LOUVOR<\/strong><\/p>\n<p>Com alegria e Louvor -\u3000 &#8211; Jo\u00e3o A. de S. F\u00ba \u2013 <a href=\"https:\/\/editorabetania.com.br\/2007\/web\/\"> Bet\u00e2nia <\/a><\/p>\n<p>O Minist\u00e9rio de Louvor na Igreja &#8211; Jo\u00e3o A. de S. F\u00ba \u2013 <a href=\"https:\/\/editorabetania.com.br\/2007\/web\/\"> Bet\u00e2nia <\/a><\/p>\n<p>deixem Soar os Tamborins \u2013 Jo\u00e3o A. de S. F\u00ba \u2013 <a href=\"https:\/\/www.emeeditora.com.br\/\"> eme editora<\/a><\/p>\n<p>\u2014\u2014\u2014\u2014\u2014\u2014\u2014\u2014\u2014\u2014\u2014\u2014\u2014\u2014\u2014\u2014\u2014-<\/p>\n<p><strong>TEMA \u2013 VIDA CRIST\u00c3<\/strong><\/p>\n<p>Dinamize seu tempo \u00e0 maneira\u2026 &#8211; Marilyn Hickey \u2013 <a href=\"https:\/\/www.adhonep.org.br\/\"> Adhonep<\/a><\/p>\n<p>\u2014\u2014\u2014\u2014\u2014\u2014\u2014\u2014\u2014\u2014\u2014\u2014\u2014\u2014\u2014\u2014\u2014-<\/p>\n<p><strong>TEMA \u2013 ORA\u00c7\u00c3O<\/strong><\/p>\n<p>Experimentando as Profundezas de Jesus Cristo Atrav\u00e9s da Ora\u00e7\u00e3o \u2013 Madame Guyon \u2013 <a href=\"https:\/\/www.editoradosclassicos.com\/\"> Cl\u00e1ssicos<\/a><\/p>\n<p>Poder atrav\u00e9s da Ora\u00e7\u00e3o \u2013 E. M. Bounds \u2013 <a href=\"https:\/\/www.editorabatistaregular.com.br\/\"> Batista Regular<\/a><\/p>\n<p>O Poder da Crian\u00e7a que Ora \u2013 Stormie Omartian \u2013 <a href=\"https:\/\/www.mundocristao.com.br\/\"> Mundo Crist\u00e3o<\/a><\/p>\n<p>\u2014\u2014\u2014\u2014\u2014\u2014\u2014\u2014\u2014\u2014\u2014\u2014\u2014\u2014\u2014\u2014\u2014-<\/p>\n<div id=\"camada6\">\n<p><strong>DVD\u00b4S<\/strong><\/p>\n<p>DVD \u2013 O Tabern\u00e1culo e Alian\u00e7a com Deus \u2013 Benny Hinn \u2013 MIG<\/p>\n<p>DVD e CD \u2013 Vou correndo Te encontrar \u2013 Gilmar Pereira \u2013 <a href=\"https:\/\/www.videiraverdadeira.com.br\/\"> Videira Verdadeira<\/a><\/p>\n<p>DVD \u2013 O fazendeiro e Deus \u2013 \u201cFaith Liked Potatoes\u201d \u2013 <a href=\"https:\/\/www.sonypictures.com\/homevideo\/faithlikepotatoes\/\"> Sony<\/a><\/p>\n<p>DVD \u2013 Paix\u00e3o de Cristo \u2013 \u201cThe Passion of Christ \u2013 <a href=\"https:\/\/www.thepassionofchrist.com\/splash.htm\"> MGF<\/a><\/p>\n<p style=\"text-align: justify;\">DVD \u2013 A \u00faltima fortaleza \u2013 \u201cThe Last Castle\u201d- <a href=\"https:\/\/www.thelastcastle.com\/\"> DW<\/a><\/p>\n<\/div>\n<\/div>\n<\/div>\n","protected":false},"excerpt":{"rendered":"<p>\u201cNem todos os livros, nem mesmo os bons livros podem ser considerados uma mensagem do alto.\u201d A.W. Tozer<\/p>\n","protected":false},"author":1,"featured_media":0,"parent":0,"menu_order":0,"comment_status":"open","ping_status":"open","template":"","meta":{"footnotes":""},"class_list":["post-439","page","type-page","status-publish","hentry"],"yoast_head":"<!-- This site is optimized with the Yoast SEO plugin v27.4 - https:\/\/yoast.com\/product\/yoast-seo-wordpress\/ -->\n<title>Livros &amp; Cia - Pr. Jonas Santana<\/title>\n<meta name=\"robots\" content=\"index, follow, max-snippet:-1, max-image-preview:large, max-video-preview:-1\" \/>\n<link rel=\"canonical\" href=\"https:\/\/www.andandonagraca.org\/site\/?page_id=439\" \/>\n<meta property=\"og:locale\" content=\"pt_BR\" \/>\n<meta property=\"og:type\" content=\"article\" \/>\n<meta property=\"og:title\" content=\"Livros &amp; Cia - Pr. Jonas Santana\" \/>\n<meta property=\"og:description\" content=\"\u201cNem todos os livros, nem mesmo os bons livros podem ser considerados uma mensagem do alto.\u201d A.W. Tozer\" \/>\n<meta property=\"og:url\" content=\"https:\/\/www.andandonagraca.org\/site\/?page_id=439\" \/>\n<meta property=\"og:site_name\" content=\"Pr. Jonas Santana\" \/>\n<meta property=\"article:publisher\" content=\"https:\/\/www.facebook.com\/andandonagraca\" \/>\n<meta property=\"article:modified_time\" content=\"2015-07-02T12:14:22+00:00\" \/>\n<meta name=\"twitter:card\" content=\"summary_large_image\" \/>\n<meta name=\"twitter:label1\" content=\"Est. tempo de leitura\" \/>\n\t<meta name=\"twitter:data1\" content=\"7 minutos\" \/>\n<script type=\"application\/ld+json\" class=\"yoast-schema-graph\">{\"@context\":\"https:\\\/\\\/schema.org\",\"@graph\":[{\"@type\":\"WebPage\",\"@id\":\"https:\\\/\\\/www.andandonagraca.org\\\/site\\\/?page_id=439\",\"url\":\"https:\\\/\\\/www.andandonagraca.org\\\/site\\\/?page_id=439\",\"name\":\"Livros & Cia - Pr. Jonas Santana\",\"isPartOf\":{\"@id\":\"https:\\\/\\\/www.andandonagraca.org\\\/site\\\/#website\"},\"datePublished\":\"2011-01-12T22:38:38+00:00\",\"dateModified\":\"2015-07-02T12:14:22+00:00\",\"breadcrumb\":{\"@id\":\"https:\\\/\\\/www.andandonagraca.org\\\/site\\\/?page_id=439#breadcrumb\"},\"inLanguage\":\"pt-BR\",\"potentialAction\":[{\"@type\":\"ReadAction\",\"target\":[\"https:\\\/\\\/www.andandonagraca.org\\\/site\\\/?page_id=439\"]}]},{\"@type\":\"BreadcrumbList\",\"@id\":\"https:\\\/\\\/www.andandonagraca.org\\\/site\\\/?page_id=439#breadcrumb\",\"itemListElement\":[{\"@type\":\"ListItem\",\"position\":1,\"name\":\"In\u00edcio\",\"item\":\"https:\\\/\\\/www.andandonagraca.org\\\/site\"},{\"@type\":\"ListItem\",\"position\":2,\"name\":\"Livros &#038; Cia\"}]},{\"@type\":\"WebSite\",\"@id\":\"https:\\\/\\\/www.andandonagraca.org\\\/site\\\/#website\",\"url\":\"https:\\\/\\\/www.andandonagraca.org\\\/site\\\/\",\"name\":\"Pr. Jonas Santana\",\"description\":\"ANDANDO NA GRA\u00c7A - AEMSF\",\"potentialAction\":[{\"@type\":\"SearchAction\",\"target\":{\"@type\":\"EntryPoint\",\"urlTemplate\":\"https:\\\/\\\/www.andandonagraca.org\\\/site\\\/?s={search_term_string}\"},\"query-input\":{\"@type\":\"PropertyValueSpecification\",\"valueRequired\":true,\"valueName\":\"search_term_string\"}}],\"inLanguage\":\"pt-BR\"}]}<\/script>\n<!-- \/ Yoast SEO plugin. -->","yoast_head_json":{"title":"Livros & Cia - Pr. Jonas Santana","robots":{"index":"index","follow":"follow","max-snippet":"max-snippet:-1","max-image-preview":"max-image-preview:large","max-video-preview":"max-video-preview:-1"},"canonical":"https:\/\/www.andandonagraca.org\/site\/?page_id=439","og_locale":"pt_BR","og_type":"article","og_title":"Livros & Cia - Pr. Jonas Santana","og_description":"\u201cNem todos os livros, nem mesmo os bons livros podem ser considerados uma mensagem do alto.\u201d A.W. Tozer","og_url":"https:\/\/www.andandonagraca.org\/site\/?page_id=439","og_site_name":"Pr. Jonas Santana","article_publisher":"https:\/\/www.facebook.com\/andandonagraca","article_modified_time":"2015-07-02T12:14:22+00:00","twitter_card":"summary_large_image","twitter_misc":{"Est. tempo de leitura":"7 minutos"},"schema":{"@context":"https:\/\/schema.org","@graph":[{"@type":"WebPage","@id":"https:\/\/www.andandonagraca.org\/site\/?page_id=439","url":"https:\/\/www.andandonagraca.org\/site\/?page_id=439","name":"Livros & Cia - Pr. Jonas Santana","isPartOf":{"@id":"https:\/\/www.andandonagraca.org\/site\/#website"},"datePublished":"2011-01-12T22:38:38+00:00","dateModified":"2015-07-02T12:14:22+00:00","breadcrumb":{"@id":"https:\/\/www.andandonagraca.org\/site\/?page_id=439#breadcrumb"},"inLanguage":"pt-BR","potentialAction":[{"@type":"ReadAction","target":["https:\/\/www.andandonagraca.org\/site\/?page_id=439"]}]},{"@type":"BreadcrumbList","@id":"https:\/\/www.andandonagraca.org\/site\/?page_id=439#breadcrumb","itemListElement":[{"@type":"ListItem","position":1,"name":"In\u00edcio","item":"https:\/\/www.andandonagraca.org\/site"},{"@type":"ListItem","position":2,"name":"Livros &#038; Cia"}]},{"@type":"WebSite","@id":"https:\/\/www.andandonagraca.org\/site\/#website","url":"https:\/\/www.andandonagraca.org\/site\/","name":"Pr. Jonas Santana","description":"ANDANDO NA GRA\u00c7A - AEMSF","potentialAction":[{"@type":"SearchAction","target":{"@type":"EntryPoint","urlTemplate":"https:\/\/www.andandonagraca.org\/site\/?s={search_term_string}"},"query-input":{"@type":"PropertyValueSpecification","valueRequired":true,"valueName":"search_term_string"}}],"inLanguage":"pt-BR"}]}},"_links":{"self":[{"href":"https:\/\/www.andandonagraca.org\/site\/index.php?rest_route=\/wp\/v2\/pages\/439","targetHints":{"allow":["GET"]}}],"collection":[{"href":"https:\/\/www.andandonagraca.org\/site\/index.php?rest_route=\/wp\/v2\/pages"}],"about":[{"href":"https:\/\/www.andandonagraca.org\/site\/index.php?rest_route=\/wp\/v2\/types\/page"}],"author":[{"embeddable":true,"href":"https:\/\/www.andandonagraca.org\/site\/index.php?rest_route=\/wp\/v2\/users\/1"}],"replies":[{"embeddable":true,"href":"https:\/\/www.andandonagraca.org\/site\/index.php?rest_route=%2Fwp%2Fv2%2Fcomments&post=439"}],"version-history":[{"count":0,"href":"https:\/\/www.andandonagraca.org\/site\/index.php?rest_route=\/wp\/v2\/pages\/439\/revisions"}],"wp:attachment":[{"href":"https:\/\/www.andandonagraca.org\/site\/index.php?rest_route=%2Fwp%2Fv2%2Fmedia&parent=439"}],"curies":[{"name":"wp","href":"https:\/\/api.w.org\/{rel}","templated":true}]}}